{"id":940,"date":"2021-11-15T13:24:06","date_gmt":"2021-11-15T16:24:06","guid":{"rendered":"https:\/\/ismdebiasi-crr.infd.edu.ar\/sitio\/?page_id=940"},"modified":"2023-11-28T21:19:41","modified_gmt":"2023-11-29T00:19:41","slug":"profesorado-de-danza","status":"publish","type":"page","link":"https:\/\/ismdebiasi-crr.infd.edu.ar\/sitio\/profesorado-de-danza\/","title":{"rendered":"Profesorado de Danza"},"content":{"rendered":"\n<div class=\"wp-block-columns is-layout-flex wp-container-3\">\n<div class=\"wp-block-column is-layout-flow\" style=\"flex-basis:100%\">\n<div class=\"wp-block-group is-layout-flow\"><div class=\"wp-block-group__inner-container\">\n<figure class=\"wp-block-table is-style-stripes\"><table class=\"has-background\" style=\"background-color:#e7f5fe\"><tbody><tr><td><strong>Resoluci\u00f3n: <\/strong><a href=\"http:\/\/dgescorrientes.net\/curriculares-pdf\/profesorado\/danza-rm.4171-2016.pdf\">http:\/\/dgescorrientes.net\/curriculares-pdf\/profesorado\/danza-rm.4171-2016.pdf<\/a><br><\/td><td><\/td><\/tr><tr><td>Denominaci\u00f3n de la carrera:<strong> Profesorado de Danza<\/strong><br>T\u00edtulo a otorgar: <strong>Profesor\/a de danza<\/strong><br>T\u00edtulo a otorgar: <strong>Profesor\/a de danza<\/strong> <strong>con orientaci\u00f3n en una sola danza: <em>Folcl\u00f3rica, Cl\u00e1sica o Contempor\u00e1nea<\/em><\/strong><em> (Trayecto opcional) <\/em><br>Duraci\u00f3n de la carrera: <strong>4 a\u00f1os<\/strong><br><\/td><td><\/td><\/tr><\/tbody><\/table><\/figure>\n\n\n\n<figure class=\"wp-block-image size-large\"><img decoding=\"async\" loading=\"lazy\" width=\"1900\" height=\"1468\" src=\"https:\/\/ismdebiasi-crr.infd.edu.ar\/sitio\/wp-content\/uploads\/2021\/11\/Verde-Blanco-Paisaje-Foto-Avion-Icono-Logo-Publicidad-Triptico-Folleto-3-1-1900x1468.png\" alt=\"\" class=\"wp-image-974\" srcset=\"https:\/\/ismdebiasi-crr.infd.edu.ar\/sitio\/wp-content\/uploads\/2021\/11\/Verde-Blanco-Paisaje-Foto-Avion-Icono-Logo-Publicidad-Triptico-Folleto-3-1-1900x1468.png 1900w, https:\/\/ismdebiasi-crr.infd.edu.ar\/sitio\/wp-content\/uploads\/2021\/11\/Verde-Blanco-Paisaje-Foto-Avion-Icono-Logo-Publicidad-Triptico-Folleto-3-1-1000x773.png 1000w, https:\/\/ismdebiasi-crr.infd.edu.ar\/sitio\/wp-content\/uploads\/2021\/11\/Verde-Blanco-Paisaje-Foto-Avion-Icono-Logo-Publicidad-Triptico-Folleto-3-1-768x593.png 768w, https:\/\/ismdebiasi-crr.infd.edu.ar\/sitio\/wp-content\/uploads\/2021\/11\/Verde-Blanco-Paisaje-Foto-Avion-Icono-Logo-Publicidad-Triptico-Folleto-3-1-1536x1187.png 1536w, https:\/\/ismdebiasi-crr.infd.edu.ar\/sitio\/wp-content\/uploads\/2021\/11\/Verde-Blanco-Paisaje-Foto-Avion-Icono-Logo-Publicidad-Triptico-Folleto-3-1.png 2000w\" sizes=\"(max-width: 1900px) 100vw, 1900px\" \/><\/figure>\n<\/div><\/div>\n<\/div>\n<\/div>\n\n\n\n<p><\/p>\n","protected":false},"excerpt":{"rendered":"<p>Resoluci\u00f3n: http:\/\/dgescorrientes.net\/curriculares-pdf\/profesorado\/danza-rm.4171-2016.pdf Denominaci\u00f3n de la carrera: Profesorado de DanzaT\u00edtulo a otorgar: Profesor\/a de danzaT\u00edtulo a otorgar: Profesor\/a de danza con orientaci\u00f3n en una sola danza: Folcl\u00f3rica, Cl\u00e1sica o Contempor\u00e1nea (Trayecto opcional) Duraci\u00f3n de la carrera: 4 a\u00f1os<\/p>\n","protected":false},"author":249,"featured_media":0,"parent":0,"menu_order":0,"comment_status":"closed","ping_status":"closed","template":"","meta":[],"acf":[],"_links":{"self":[{"href":"https:\/\/ismdebiasi-crr.infd.edu.ar\/sitio\/wp-json\/wp\/v2\/pages\/940"}],"collection":[{"href":"https:\/\/ismdebiasi-crr.infd.edu.ar\/sitio\/wp-json\/wp\/v2\/pages"}],"about":[{"href":"https:\/\/ismdebiasi-crr.infd.edu.ar\/sitio\/wp-json\/wp\/v2\/types\/page"}],"author":[{"embeddable":true,"href":"https:\/\/ismdebiasi-crr.infd.edu.ar\/sitio\/wp-json\/wp\/v2\/users\/249"}],"replies":[{"embeddable":true,"href":"https:\/\/ismdebiasi-crr.infd.edu.ar\/sitio\/wp-json\/wp\/v2\/comments?post=940"}],"version-history":[{"count":11,"href":"https:\/\/ismdebiasi-crr.infd.edu.ar\/sitio\/wp-json\/wp\/v2\/pages\/940\/revisions"}],"predecessor-version":[{"id":1122,"href":"https:\/\/ismdebiasi-crr.infd.edu.ar\/sitio\/wp-json\/wp\/v2\/pages\/940\/revisions\/1122"}],"wp:attachment":[{"href":"https:\/\/ismdebiasi-crr.infd.edu.ar\/sitio\/wp-json\/wp\/v2\/media?parent=940"}],"curies":[{"name":"wp","href":"https:\/\/api.w.org\/{rel}","templated":true}]}}