{"id":843,"date":"2018-06-28T17:00:04","date_gmt":"2018-06-28T20:00:04","guid":{"rendered":"https:\/\/ismdebiasi-crr.infd.edu.ar\/sitio\/ofertas-educativas\/"},"modified":"2023-04-26T19:49:48","modified_gmt":"2023-04-26T22:49:48","slug":"ofertas-educativas","status":"publish","type":"page","link":"https:\/\/ismdebiasi-crr.infd.edu.ar\/sitio\/ofertas-educativas\/","title":{"rendered":"Carreras"},"content":{"rendered":"<pre><strong>- Profesorado de M\u00fasica<\/strong>:\u00a0 duraci\u00f3n 4 a\u00f1os<\/pre>\n<pre><strong>- Profesorado de M\u00fasica con orientaci\u00f3n en un instrumento:<\/strong>\u00a0 duraci\u00f3n 4 a\u00f1os.<\/pre>\n<ul>\n<li><strong>Curso Introductorio Nivelador (CIN)<\/strong>.\u00a0 Para ingreso al profesorado de m\u00fasica. Duraci\u00f3n 2 a\u00f1os.<\/li>\n<\/ul>\n<pre><strong>- Profesorado de Danza:<\/strong> duraci\u00f3n 4 a\u00f1os.<\/pre>\n<pre>- <strong>Profesorado de Danza con orientaci\u00f3n en una Danza<\/strong> (folklore, cl\u00e1sico, contempor\u00e1neo, tango): duraci\u00f3n 4 a\u00f1os.<\/pre>\n<ul>\n<li><strong>\u00a0Proped\u00e9utico:<\/strong> Nivelaci\u00f3n de alumnos para ingresar al profesorado de Danza. Duraci\u00f3n 1 a\u00f1o se dictan talleres de danzas\u00a0 \u00a0 \u00a0 esc\u00e9nicas: tango, folklore, chamam\u00e9, cl\u00e1sico.<\/li>\n<\/ul>\n<pre><strong>-Tecnicatura Superior en Canto:<\/strong> duraci\u00f3n 4 a\u00f1os.<\/pre>\n<pre><strong>- Educaci\u00f3n secundaria con especialidad en m\u00fasica: <\/strong>duraci\u00f3n 6 a\u00f1os (requisito\u00a0 cursar 2 a\u00f1os previos de capacitaci\u00f3n)<\/pre>\n<h4><strong>OFERTAS EDUCATIVAS<\/strong><\/h4>\n<ul>\n<li><strong>Curso de Capacitaci\u00f3n Instrumental:<\/strong> duraci\u00f3n 5 a\u00f1os (desde los 10 a\u00f1os de edad).<\/li>\n<li><strong>Curso de Capacitaci\u00f3n vocal:\u00a0<\/strong> duraci\u00f3n 5 a\u00f1os (desde los 10 a\u00f1os de edad).<\/li>\n<li><strong>Pregrado: <\/strong>trayecto art\u00edstico profesional en instrumento. Duraci\u00f3n 3 a\u00f1os (desde los 18 a\u00f1os de edad).<\/li>\n<li><strong>Curso abreviado de Instrumentos<\/strong>: guitarra, piano, acorde\u00f3n a piano, canto, saxof\u00f3n. Duraci\u00f3n: 3 a\u00f1os (desde los 8 a\u00f1os de edad).<\/li>\n<li><strong>Taller de educaci\u00f3n musical libre para personas con discapacidad:<\/strong> piano, canto, escritura de partituras en braile.<\/li>\n<li><strong>Orquesta Carmelitos:<\/strong> duraci\u00f3n 4 a\u00f1os (desde 6 a\u00f1os a 9 a\u00f1os).<\/li>\n<li><strong>Instrumentos<\/strong>: Clarinete, Corno, Flauta Traversa, Saxof\u00f3n, Trompeta, Tromb\u00f3n, Percusi\u00f3n, Piano, Guitarra, Viol\u00edn, Viola, Violoncello, Contrabajo, Acorde\u00f3n, Bandone\u00f3n, Oboe<\/li>\n<\/ul>\n","protected":false},"excerpt":{"rendered":"<p>&#8211; Profesorado de M\u00fasica:\u00a0 duraci\u00f3n 4 a\u00f1os &#8211; Profesorado de M\u00fasica con orientaci\u00f3n en un instrumento:\u00a0 duraci\u00f3n 4 a\u00f1os. Curso Introductorio Nivelador (CIN).\u00a0 Para ingreso al profesorado de m\u00fasica. Duraci\u00f3n 2 a\u00f1os. &#8211; Profesorado de Danza: duraci\u00f3n 4 a\u00f1os. &#8211; Profesorado de Danza con orientaci\u00f3n en una Danza (folklore, cl\u00e1sico, contempor\u00e1neo, tango): duraci\u00f3n 4 a\u00f1os. &#8230; <a title=\"Carreras\" class=\"read-more\" href=\"https:\/\/ismdebiasi-crr.infd.edu.ar\/sitio\/ofertas-educativas\/\" aria-label=\"More on Carreras\">[+]<\/a><\/p>\n","protected":false},"author":413,"featured_media":0,"parent":0,"menu_order":0,"comment_status":"closed","ping_status":"closed","template":"","meta":[],"acf":[],"_links":{"self":[{"href":"https:\/\/ismdebiasi-crr.infd.edu.ar\/sitio\/wp-json\/wp\/v2\/pages\/843"}],"collection":[{"href":"https:\/\/ismdebiasi-crr.infd.edu.ar\/sitio\/wp-json\/wp\/v2\/pages"}],"about":[{"href":"https:\/\/ismdebiasi-crr.infd.edu.ar\/sitio\/wp-json\/wp\/v2\/types\/page"}],"author":[{"embeddable":true,"href":"https:\/\/ismdebiasi-crr.infd.edu.ar\/sitio\/wp-json\/wp\/v2\/users\/413"}],"replies":[{"embeddable":true,"href":"https:\/\/ismdebiasi-crr.infd.edu.ar\/sitio\/wp-json\/wp\/v2\/comments?post=843"}],"version-history":[{"count":8,"href":"https:\/\/ismdebiasi-crr.infd.edu.ar\/sitio\/wp-json\/wp\/v2\/pages\/843\/revisions"}],"predecessor-version":[{"id":1096,"href":"https:\/\/ismdebiasi-crr.infd.edu.ar\/sitio\/wp-json\/wp\/v2\/pages\/843\/revisions\/1096"}],"wp:attachment":[{"href":"https:\/\/ismdebiasi-crr.infd.edu.ar\/sitio\/wp-json\/wp\/v2\/media?parent=843"}],"curies":[{"name":"wp","href":"https:\/\/api.w.org\/{rel}","templated":true}]}}