{"id":837,"date":"2018-06-28T17:00:02","date_gmt":"2018-06-28T20:00:02","guid":{"rendered":"https:\/\/ismdebiasi-crr.infd.edu.ar\/sitio\/programas-prof-de-musica\/"},"modified":"2023-04-27T14:36:09","modified_gmt":"2023-04-27T17:36:09","slug":"programas-prof-de-musica","status":"publish","type":"page","link":"https:\/\/ismdebiasi-crr.infd.edu.ar\/sitio\/programas-prof-de-musica\/","title":{"rendered":"Plan de Estudios"},"content":{"rendered":"\n<p><span style=\"color: #800080; font-size: 16px;\"><span style=\"text-decoration: underline;\">Carrera:<\/span><strong> Profesorado de M\u00fasica&nbsp; &nbsp; &nbsp; &nbsp; &nbsp; &nbsp; &nbsp; &nbsp; &nbsp; &nbsp; Duraci\u00f3n de la carrera: 4 a\u00f1os<\/strong><\/span><br><span style=\"font-size: 12pt; color: #800080;\"><span style=\"text-decoration: underline;\">T\u00edtulo que otorga<\/span><strong>: Profesor\/a de M\u00fasica<\/strong><\/span><br><span style=\"color: #993366;\"><b style=\"color: #993366;\">Profesor\/a de <\/b><span style=\"color: #993366;\"><b>M\u00fasica<\/b><\/span><b style=\"color: #993366;\"> con Orientaci\u00f3n en un solo instrumento (Trayecto opcional)<\/b><span style=\"color: #993366;\">:<\/span><\/span> (Guitarra, viol\u00edn, violoncello, viola, contrabajo, piano, clarinete, flauta traversa, oboe, saxof6n, trompeta, tromb6n, como, fagot, percusi6n, canto).<br><strong>Dise\u00f1o curricular disponible en<\/strong>: <a href=\"http:\/\/dgescorrientes.net\/discur\/DisCurricular-Musica-Res-2617-2015.pdf\">dgescorrientes.net\/discur\/DisCurricular-Musica-Res-2617-2015.pdf.<\/a><\/p>\n\n\n\n<figure class=\"wp-block-table\"><table class=\"has-accent-color has-base-background-color has-text-color has-background\"><tbody><tr><td><strong>&nbsp;<\/strong><\/td><td><strong>UNIDAD CURRICULAR<\/strong><\/td><td><strong>R\u00c9GIMEN<\/strong><\/td><td><strong>FORMATO<\/strong><\/td><td><strong>HORAS DID\u00c1CTICAS<\/strong><\/td><\/tr><tr><td><strong>1\u00ba a\u00f1o<\/strong><\/td><\/tr><tr><td>1<\/td><td>Pedagog\u00eda<\/td><td>Anual<\/td><td>Materia<\/td><td>4 Horas<\/td><\/tr><tr><td>2<\/td><td>Psicolog\u00eda Educacional<\/td><td>Cuatrimestral<\/td><td>Materia<\/td><td>5 Horas<\/td><\/tr><tr><td>3<\/td><td>Did\u00e1ctica General<\/td><td>Anual<\/td><td>Materia<\/td><td>4 Horas<\/td><\/tr><tr><td>4<\/td><td>Historia Argentina y Latinoamericana<\/td><td>Cuatrimestral<\/td><td>Materia<\/td><td>3 Horas<\/td><\/tr><tr><td>5<\/td><td>Lectura y escritura acad\u00e9mica<\/td><td>Anual<\/td><td>Taller<\/td><td>3 Horas<\/td><\/tr><tr><td>6<\/td><td>Audioperceptiva<\/td><td>Anual<\/td><td>Materia<\/td><td>4 Horas<\/td><\/tr><tr><td>7<\/td><td>Pr\u00e1ctica de Coro I<\/td><td>Anual<\/td><td>Taller<\/td><td>3 Horas<\/td><\/tr><tr><td>8<\/td><td>Instrumento Arm\u00f3nico I<\/td><td>Anual<\/td><td>Materia<\/td><td>2 Horas<\/td><\/tr><tr><td>9<\/td><td>Pr\u00e1ctica Docente I: M\u00e9todos y t\u00e9cnicas de Recolecci\u00f3n\/ Instituciones educativas<\/td><td>Anual<\/td><td>Taller<\/td><td>5 Horas<\/td><\/tr><tr><td><strong>2\u00ba a\u00f1o<\/strong><\/td><\/tr><tr><td>10<\/td><td>Tecnolog\u00edas de la Informaci\u00f3n y la comunicaci\u00f3n<\/td><td>Anual<\/td><td>Taller<\/td><td>3 Horas<\/td><\/tr><tr><td>11<\/td><td>Historia y Pol\u00edtica de la Educaci\u00f3n Argentina<\/td><td>Cuatrimestral<\/td><td>Materia<\/td><td>3 Horas<\/td><\/tr><tr><td>12<\/td><td>Sujeto de la Educaci\u00f3n Inicial y Primaria<\/td><td>Anual<\/td><td>Materia<\/td><td>4 Horas<\/td><\/tr><tr><td>13<\/td><td>Did\u00e1ctica Espec\u00edfica I<\/td><td>Anual<\/td><td>Materia<\/td><td>4 Horas<\/td><\/tr><tr><td>14<\/td><td>Practica de Conjunto I<\/td><td>Anual<\/td><td>Taller<\/td><td>4 Horas<\/td><\/tr><tr><td>15<\/td><td>Pr\u00e1ctica de Coro II<\/td><td>Anual<\/td><td>Taller<\/td><td>3 Horas<\/td><\/tr><tr><td>16<\/td><td>Instrumento Arm\u00f3nico II<\/td><td>Anual<\/td><td>Materia<\/td><td>2 Horas<\/td><\/tr><tr><td>17<\/td><td>Lenguajes Musicales I<\/td><td>Anual<\/td><td>Materia<\/td><td>4 Horas<\/td><\/tr><tr><td>18<\/td><td>Historia de la M\u00fasica I<\/td><td>Anual<\/td><td>Materia<\/td><td>3 Horas<\/td><\/tr><tr><td>19<\/td><td>Pr\u00e1ctica Docente II: programaci\u00f3n de la Ense\u00f1anza\/Curriculum y Organizaciones escolares<\/td><td>Anual<\/td><td>Taller<\/td><td>7 Horas<\/td><\/tr><tr><td><strong>3\u00ba a\u00f1o<\/strong><\/td><\/tr><tr><td>21<\/td><td>Propuesta Variable o complementaria I (CFG)<\/td><td>Cuatrimestral<\/td><td>Seminario-Taller<\/td><td>3 Horas<\/td><\/tr><tr><td>22<\/td><td>Sujeto de la Educaci\u00f3n Secundaria<\/td><td>Anual<\/td><td>Materia<\/td><td>4 Horas<\/td><\/tr><tr><td>23<\/td><td>Did\u00e1ctica Espec\u00edfica II<\/td><td>Anual<\/td><td>Materia<\/td><td>4 Horas<\/td><\/tr><tr><td>24<\/td><td>Pr\u00e1ctica de Conjunto II<\/td><td>Anual<\/td><td>Taller<\/td><td>4 Horas<\/td><\/tr><tr><td>25<\/td><td>Instrumento Arm\u00f3nico III<\/td><td>Anual<\/td><td>Materia<\/td><td>2 Horas<\/td><\/tr><tr><td>26<\/td><td>Lenguajes Musicales II<\/td><td>Anual<\/td><td>Materia<\/td><td>3 Horas<\/td><\/tr><tr><td>27<\/td><td>Historia de la M\u00fasica II<\/td><td>Anual<\/td><td>Materia<\/td><td>3 Horas<\/td><\/tr><tr><td>28<\/td><td>Direcci\u00f3n Coral I<\/td><td>Anual<\/td><td>Taller<\/td><td>3 Horas<\/td><\/tr><tr><td>29<\/td><td>TICS en la Ense\u00f1anza<\/td><td>Anual<\/td><td>Taller<\/td><td>3 Horas<\/td><\/tr><tr><td>30<\/td><td>Pr\u00e1ctica Docente III: Coordinaci\u00f3n de grupos de Aprendizaje\/ Evaluaci\u00f3n de los aprendizajes<\/td><td>Anual<\/td><td>Taller<\/td><td>7 Horas<\/td><\/tr><tr><td><strong>4\u00ba a\u00f1o<\/strong><\/td><\/tr><tr><td>31<\/td><td>\u00c9tica y Ciudadan\u00eda<\/td><td>Cuatrimestral<\/td><td>Materia<\/td><td>3 Horas<\/td><\/tr><tr><td>32<\/td><td>Educaci\u00f3n Sexual Integral<\/td><td>Cuatrimestral<\/td><td>Taller<\/td><td>3 Horas<\/td><\/tr><tr><td>33<\/td><td>Filosof\u00eda de la Educaci\u00f3n<\/td><td>Cuatrimestral<\/td><td>Materia<\/td><td>3 Horas<\/td><\/tr><tr><td>34<\/td><td>Lenguajes Musicales \u00c9tnicos y Contempor\u00e1neos<\/td><td>Anual<\/td><td>Materia<\/td><td>3 Horas<\/td><\/tr><tr><td>35<\/td><td>Direcci\u00f3n Coral II<\/td><td>Cuatrimestral<\/td><td>Taller<\/td><td>3 Horas<\/td><\/tr><tr><td>36<\/td><td>Propuesta variable o complementaria 2 (CFE)<\/td><td>Cuatrimestral<\/td><td>Seminario<\/td><td>3 Horas<\/td><\/tr><tr><td>37<\/td><td>Residencia Pedag\u00f3gica: Sistematizaci\u00f3n de experiencias<\/td><td>Anual<\/td><td>Taller<\/td><td>12 Horas<\/td><\/tr><\/tbody><\/table><\/figure>\n\n\n\n<p><strong><span style=\"text-decoration: underline;\">OBSERVACIONES: <\/span><\/strong><br>Instrumento I,II,III: La carga horaria que figura en el Plan de Estudio corresponde a la del estudiante. El estudiante elegir\u00e1 como m\u00ednimo, uno de los instrumentos arm\u00f3nicos entre los que ofrecer\u00e1 la instituci\u00f3n: acorde\u00f3n, piano, teclado, guitarra, bandone\u00f3n u otros.<br>La carga horaria del docente a cargo del espacio \u00abInstrumento arm\u00f3nico\u00bb I, II, III, depender\u00e1 de la cantidad de alumnos cursantes en cada una de las opciones,. Si tiene un alumno ser\u00e1 designado en 2 horas, por cada alumno que se incorpore se incrementar\u00e1 una hora did\u00e1ctica.<br><strong><u>Orientaci\u00f3n en Instrumento<\/u><\/strong><u>:<\/u><br><strong><u>Trayecto de Formaci\u00f3n Opcional<\/u><\/strong><\/p>\n\n\n\n<figure class=\"wp-block-table\"><table><tbody><tr><td><strong>&nbsp;<\/strong><\/td><td><strong>UNIDAD CURRICULAR<\/strong><\/td><td><strong>R\u00c9GIMEN<\/strong><\/td><td><strong>FORMATO<\/strong><\/td><td><strong>HORAS DID\u00c1CTICAS<\/strong><\/td><\/tr><tr><td><strong>1\u00ba a\u00f1o<\/strong><\/td><\/tr><tr><td>1<\/td><td>Instrumento I (*1)<\/td><td>Anual<\/td><td>Taller<\/td><td>1 Hora<\/td><\/tr><tr><td>2<\/td><td>Pr\u00e1ctica en Orquesta\/Banda I (*2)<\/td><td>Anual<\/td><td>Taller<\/td><td>3 Horas<\/td><\/tr><tr><td><strong>2\u00ba a\u00f1o<\/strong><\/td><\/tr><tr><td>1<\/td><td>Instrumento 2 (*1)<\/td><td>Anual<\/td><td>Taller<\/td><td>1 Hora<\/td><\/tr><tr><td>2<\/td><td>Pr\u00e1ctica en Orquesta\/Banda II (*2)<\/td><td>Anual<\/td><td>Taller<\/td><td>3 Horas<\/td><\/tr><tr><td><strong>3\u00ba a\u00f1o<\/strong><\/td><\/tr><tr><td>1<\/td><td>Instrumento 3 (*1)<\/td><td>Anual<\/td><td>Taller<\/td><td>1 Hora<\/td><\/tr><tr><td>2<\/td><td>Pr\u00e1ctica en Orquesta\/Banda III (*2)<\/td><td>Anual<\/td><td>Taller<\/td><td>3 Horas<\/td><\/tr><tr><td><strong>4\u00ba a\u00f1o<\/strong><\/td><\/tr><tr><td>1<\/td><td>Did\u00e1ctica del Instrumento (*3)<\/td><td>Anual<\/td><td>Materia<\/td><td>2 Horas<\/td><\/tr><tr><td>2<\/td><td>Practica Profesional Especializada<\/td><td>Anual<\/td><td>Taller<\/td><td>2 Horas<\/td><\/tr><\/tbody><\/table><\/figure>\n\n\n\n<p><strong><span style=\"text-decoration: underline;\">OBSERVACIONES:<\/span><\/strong><\/p>\n\n\n\n<p>(*1) Es el instrumento elegido por el alumna de acuerdo a su trayectoria en los niveles musicales anteriores: guitarra, violin, viola, violoncello, contrabajo, piano, clarinete, flauta, traversa, oboe, saxof\u00f3n, trompeta, tromb\u00f3n, corno, fagot, percusi\u00f3n, Canto.<\/p>\n\n\n\n<p>La carga horaria que se establece en el Plan de Estudios es la del estudiante que cursa esa unidad curricular.<\/p>\n\n\n\n<p>La carga horaria del docente a cargo de la unidad curricular instrumento I -II -III depender\u00e1 de la cantidad de alumnos cursantes en cada una de las opciones, se incrementa una hora did\u00e1ctica por cada alumna que se incorpore.<\/p>\n\n\n\n<p>(*2) Estas c\u00e1tedras son de can1cter grupal y de cumplimiento en los organismos musicales que posee la instituci\u00f3n como son la Orquesta Sinf\u00f3nica Juvenil, la Banda Sinf\u00f3nica Juvenil u otra que pudiera existir. El estudiante participara en Banda u Orquesta seg\u00fan sea el instrumento de su especialidad.<\/p>\n\n\n\n<p>(*3) La unidad curricular Didactica del Instrumento ser\u00e1 segun la especialidad instrumental atenta a la trayectoria del estudiante.<\/p>\n","protected":false},"excerpt":{"rendered":"<p>Carrera: Profesorado de M\u00fasica&nbsp; &nbsp; &nbsp; &nbsp; &nbsp; &nbsp; &nbsp; &nbsp; &nbsp; &nbsp; Duraci\u00f3n de la carrera: 4 a\u00f1osT\u00edtulo que otorga: Profesor\/a de M\u00fasicaProfesor\/a de M\u00fasica con Orientaci\u00f3n en un solo instrumento (Trayecto opcional): (Guitarra, viol\u00edn, violoncello, viola, contrabajo, piano, clarinete, flauta traversa, oboe, saxof6n, trompeta, tromb6n, como, fagot, percusi6n, canto).Dise\u00f1o curricular disponible en: dgescorrientes.net\/discur\/DisCurricular-Musica-Res-2617-2015.pdf. &#8230; <a title=\"Plan de Estudios\" class=\"read-more\" href=\"https:\/\/ismdebiasi-crr.infd.edu.ar\/sitio\/programas-prof-de-musica\/\" aria-label=\"More on Plan de Estudios\">[+]<\/a><\/p>\n","protected":false},"author":413,"featured_media":0,"parent":0,"menu_order":0,"comment_status":"closed","ping_status":"closed","template":"","meta":[],"acf":[],"_links":{"self":[{"href":"https:\/\/ismdebiasi-crr.infd.edu.ar\/sitio\/wp-json\/wp\/v2\/pages\/837"}],"collection":[{"href":"https:\/\/ismdebiasi-crr.infd.edu.ar\/sitio\/wp-json\/wp\/v2\/pages"}],"about":[{"href":"https:\/\/ismdebiasi-crr.infd.edu.ar\/sitio\/wp-json\/wp\/v2\/types\/page"}],"author":[{"embeddable":true,"href":"https:\/\/ismdebiasi-crr.infd.edu.ar\/sitio\/wp-json\/wp\/v2\/users\/413"}],"replies":[{"embeddable":true,"href":"https:\/\/ismdebiasi-crr.infd.edu.ar\/sitio\/wp-json\/wp\/v2\/comments?post=837"}],"version-history":[{"count":4,"href":"https:\/\/ismdebiasi-crr.infd.edu.ar\/sitio\/wp-json\/wp\/v2\/pages\/837\/revisions"}],"predecessor-version":[{"id":1111,"href":"https:\/\/ismdebiasi-crr.infd.edu.ar\/sitio\/wp-json\/wp\/v2\/pages\/837\/revisions\/1111"}],"wp:attachment":[{"href":"https:\/\/ismdebiasi-crr.infd.edu.ar\/sitio\/wp-json\/wp\/v2\/media?parent=837"}],"curies":[{"name":"wp","href":"https:\/\/api.w.org\/{rel}","templated":true}]}}