{"id":811,"date":"2018-06-28T16:59:52","date_gmt":"2018-06-28T19:59:52","guid":{"rendered":"https:\/\/ismdebiasi-crr.infd.edu.ar\/sitio\/datos-institucionales\/"},"modified":"2023-04-27T14:52:11","modified_gmt":"2023-04-27T17:52:11","slug":"datos-institucionales","status":"publish","type":"page","link":"https:\/\/ismdebiasi-crr.infd.edu.ar\/sitio\/datos-institucionales\/","title":{"rendered":"Datos institucionales"},"content":{"rendered":"<ul>\n<li><span style=\"color: #0033cc; font-size: 10pt;\"><strong><span style=\"font-family: arial,helvetica,sans-serif;\">Nombre completo: Instituto Superior de M\u00fasica \u00abProf. Carmelo Horlando De Biasi\u00bb<br \/>\n<\/span><\/strong><\/span><\/li>\n<li><span style=\"color: #0033cc; font-size: 10pt;\"><strong><span style=\"font-family: arial,helvetica,sans-serif;\">Horarios de atenci\u00f3n: Lunes a Viernes de 7.30 hs. a 22 hs.<\/span><\/strong><\/span><\/li>\n<li><span style=\"color: #0033cc; font-size: 10pt;\"><strong><span style=\"font-family: arial,helvetica,sans-serif;\">Direcci\u00f3n de Sede: Catamarca 853 &#8211; Ciudad Capital &#8211; 3400 Corrientes<\/span><\/strong><\/span><\/li>\n<li><span style=\"color: #0033cc; font-size: 10pt;\"><strong><span style=\"font-family: arial,helvetica,sans-serif;\">Tel\u00e9fonos: 03794-466768<br \/>\n<\/span><\/strong><\/span><\/li>\n<li><span style=\"color: #0033cc; font-size: 10pt;\"><strong><span style=\"font-family: arial,helvetica,sans-serif;\">E-mail: 1801646-00@mec.gob.ar<\/span><\/strong><\/span><\/li>\n<li><span style=\"font-family: verdana; font-size: 10pt;\"><span style=\"color: #0033cc; font-size: 10pt;\"><strong><span style=\"font-family: arial,helvetica,sans-serif;\">URL: <a href=\"http:\/\/ismdebiasi.crr.infd.edu.ar\">http:\/\/ismdebiasi.crr.infd.edu.ar<\/a><\/span><\/strong><\/span><br \/>\n<\/span><\/li>\n<\/ul>\n<ul>\n<li><span style=\"color: #0033cc; font-size: 10pt;\"><span style=\"font-family: arial,helvetica,sans-serif;\"><span style=\"color: #0033cc; font-size: 10pt; font-family: arial, helvetica, sans-serif;\"><b>Subsede del Instituto de <\/b><\/span><span style=\"color: #0033cc; font-family: arial, helvetica, sans-serif;\"><span style=\"font-size: 13.3333px;\"><b>M\u00fasica<\/b><\/span><\/span><span style=\"color: #0033cc; font-size: 10pt; font-family: arial, helvetica, sans-serif;\"><b> Prof. Carmelo H. De Biasi: funciona en el IFD Mburucuy\u00e1<\/b><\/span><br \/>\n<\/span><\/span><\/li>\n<li><span style=\"color: #0033cc; font-size: 10pt;\"><strong><span style=\"font-family: arial,helvetica,sans-serif;\">Horarios de atenci\u00f3n: Lunes a Viernes de 13:30 hs. a 22 hs.<\/span><\/strong><\/span><\/li>\n<li><span style=\"color: #0033cc; font-size: 10pt;\"><strong><span style=\"font-family: arial,helvetica,sans-serif;\">Direcci\u00f3n de la Subsede: Lavalle 281 &#8211; Mburucuy\u00e1 Provincia de Corrientes<\/span><\/strong><\/span><\/li>\n<li><span style=\"color: #0033cc; font-size: 10pt;\"><strong><span style=\"font-family: arial,helvetica,sans-serif;\">Tel\u00e9fonos: &#8211;<br \/>\n<\/span><\/strong><\/span><\/li>\n<li><span style=\"color: #0033cc; font-size: 10pt;\"><strong><span style=\"font-family: arial,helvetica,sans-serif;\">E-mail: 1801773-00@mec.gob.ar<\/span><\/strong><\/span><\/li>\n<li><span style=\"font-family: verdana; font-size: 10pt;\"><span style=\"color: #0033cc; font-size: 10pt;\"><strong><span style=\"font-family: arial,helvetica,sans-serif;\">URL: <a href=\"http:\/\/ismdebiasi.crr.infd.edu.ar\">http:\/\/ismdebiasi.crr.infd.edu.ar<\/a><\/span><\/strong><\/span><br \/>\n<\/span><\/li>\n<\/ul>\n","protected":false},"excerpt":{"rendered":"<p>Nombre completo: Instituto Superior de M\u00fasica \u00abProf. Carmelo Horlando De Biasi\u00bb Horarios de atenci\u00f3n: Lunes a Viernes de 7.30 hs. a 22 hs. Direcci\u00f3n de Sede: Catamarca 853 &#8211; Ciudad Capital &#8211; 3400 Corrientes Tel\u00e9fonos: 03794-466768 E-mail: 1801646-00@mec.gob.ar URL: http:\/\/ismdebiasi.crr.infd.edu.ar Subsede del Instituto de M\u00fasica Prof. Carmelo H. De Biasi: funciona en el IFD Mburucuy\u00e1 &#8230; <a title=\"Datos institucionales\" class=\"read-more\" href=\"https:\/\/ismdebiasi-crr.infd.edu.ar\/sitio\/datos-institucionales\/\" aria-label=\"More on Datos institucionales\">[+]<\/a><\/p>\n","protected":false},"author":413,"featured_media":0,"parent":0,"menu_order":0,"comment_status":"closed","ping_status":"closed","template":"","meta":[],"acf":[],"_links":{"self":[{"href":"https:\/\/ismdebiasi-crr.infd.edu.ar\/sitio\/wp-json\/wp\/v2\/pages\/811"}],"collection":[{"href":"https:\/\/ismdebiasi-crr.infd.edu.ar\/sitio\/wp-json\/wp\/v2\/pages"}],"about":[{"href":"https:\/\/ismdebiasi-crr.infd.edu.ar\/sitio\/wp-json\/wp\/v2\/types\/page"}],"author":[{"embeddable":true,"href":"https:\/\/ismdebiasi-crr.infd.edu.ar\/sitio\/wp-json\/wp\/v2\/users\/413"}],"replies":[{"embeddable":true,"href":"https:\/\/ismdebiasi-crr.infd.edu.ar\/sitio\/wp-json\/wp\/v2\/comments?post=811"}],"version-history":[{"count":4,"href":"https:\/\/ismdebiasi-crr.infd.edu.ar\/sitio\/wp-json\/wp\/v2\/pages\/811\/revisions"}],"predecessor-version":[{"id":1092,"href":"https:\/\/ismdebiasi-crr.infd.edu.ar\/sitio\/wp-json\/wp\/v2\/pages\/811\/revisions\/1092"}],"wp:attachment":[{"href":"https:\/\/ismdebiasi-crr.infd.edu.ar\/sitio\/wp-json\/wp\/v2\/media?parent=811"}],"curies":[{"name":"wp","href":"https:\/\/api.w.org\/{rel}","templated":true}]}}