{"id":800,"date":"2018-06-28T16:59:51","date_gmt":"2018-06-28T19:59:51","guid":{"rendered":"https:\/\/ismdebiasi-crr.infd.edu.ar\/sitio\/tecnicatura-superior-en-canto\/"},"modified":"2023-04-26T20:20:15","modified_gmt":"2023-04-26T23:20:15","slug":"tecnicatura-superior-en-canto","status":"publish","type":"page","link":"https:\/\/ismdebiasi-crr.infd.edu.ar\/sitio\/tecnicatura-superior-en-canto\/","title":{"rendered":"Tecnicatura Superior en Canto"},"content":{"rendered":"\n<p><span style=\"color: #800080;\"><strong>TECNICATURA SUPERIOR EN CANTO (Plan Nuevo)<\/strong><\/span><\/p>\n\n\n\n<p><span style=\"color: #800080;\"><strong>Titulo a otorgar: T\u00e9cnico Superior en canto<\/strong><\/span><\/p>\n\n\n\n<p class=\"has-text-align-left\">&#8211; La Provincia de Corrientes ofrece a la regi\u00f3n del nordeste, la \u00fanica carrera que forma a los j\u00f3venes estudiantes en el canto, otorg\u00e1ndoles el t\u00edtulo de T\u00e9cnico Superior en Canto. La \u00faltima cohorte ha&nbsp; ingresado en el a\u00f1o 2008, la Carrera tiene el respaldo de la Acreditaci\u00f3n Plena, lo que hace que los egresados puedan obtener la titulaci\u00f3n de validez nacional.<\/p>\n\n\n\n<p><span style=\"color: #800080;\">Resoluci\u00f3n:<\/span> <a href=\" http:\/\/www.dgescorrientes.net\/distec2016\/DC-Tec-Canto.pdf\"> http:\/\/www.dgescorrientes.net\/distec2016\/DC-Tec-Canto.pdf<\/a><\/p>\n\n\n\n<p><\/p>\n","protected":false},"excerpt":{"rendered":"<p>TECNICATURA SUPERIOR EN CANTO (Plan Nuevo) Titulo a otorgar: T\u00e9cnico Superior en canto &#8211; La Provincia de Corrientes ofrece a la regi\u00f3n del nordeste, la \u00fanica carrera que forma a los j\u00f3venes estudiantes en el canto, otorg\u00e1ndoles el t\u00edtulo de T\u00e9cnico Superior en Canto. La \u00faltima cohorte ha&nbsp; ingresado en el a\u00f1o 2008, la Carrera &#8230; <a title=\"Tecnicatura Superior en Canto\" class=\"read-more\" href=\"https:\/\/ismdebiasi-crr.infd.edu.ar\/sitio\/tecnicatura-superior-en-canto\/\" aria-label=\"More on Tecnicatura Superior en Canto\">[+]<\/a><\/p>\n","protected":false},"author":413,"featured_media":0,"parent":0,"menu_order":0,"comment_status":"closed","ping_status":"closed","template":"","meta":[],"acf":[],"_links":{"self":[{"href":"https:\/\/ismdebiasi-crr.infd.edu.ar\/sitio\/wp-json\/wp\/v2\/pages\/800"}],"collection":[{"href":"https:\/\/ismdebiasi-crr.infd.edu.ar\/sitio\/wp-json\/wp\/v2\/pages"}],"about":[{"href":"https:\/\/ismdebiasi-crr.infd.edu.ar\/sitio\/wp-json\/wp\/v2\/types\/page"}],"author":[{"embeddable":true,"href":"https:\/\/ismdebiasi-crr.infd.edu.ar\/sitio\/wp-json\/wp\/v2\/users\/413"}],"replies":[{"embeddable":true,"href":"https:\/\/ismdebiasi-crr.infd.edu.ar\/sitio\/wp-json\/wp\/v2\/comments?post=800"}],"version-history":[{"count":4,"href":"https:\/\/ismdebiasi-crr.infd.edu.ar\/sitio\/wp-json\/wp\/v2\/pages\/800\/revisions"}],"predecessor-version":[{"id":1105,"href":"https:\/\/ismdebiasi-crr.infd.edu.ar\/sitio\/wp-json\/wp\/v2\/pages\/800\/revisions\/1105"}],"wp:attachment":[{"href":"https:\/\/ismdebiasi-crr.infd.edu.ar\/sitio\/wp-json\/wp\/v2\/media?parent=800"}],"curies":[{"name":"wp","href":"https:\/\/api.w.org\/{rel}","templated":true}]}}