{"id":286,"date":"2016-10-31T13:17:59","date_gmt":"2016-10-31T16:17:59","guid":{"rendered":"https:\/\/ismdebiasi-crr.infd.edu.ar\/sitio\/?page_id=286"},"modified":"2026-03-19T14:46:31","modified_gmt":"2026-03-19T17:46:31","slug":"inicio","status":"publish","type":"page","link":"https:\/\/ismdebiasi-crr.infd.edu.ar\/sitio\/","title":{"rendered":"Inicio"},"content":{"rendered":"<h1><strong>NOVEDADES 2026<\/strong><\/h1>\n<p>&nbsp;<\/p>\n<p><img decoding=\"async\" loading=\"lazy\" class=\"alignnone size-full wp-image-1175\" src=\"https:\/\/ismdebiasi-crr.infd.edu.ar\/sitio\/wp-content\/uploads\/2026\/02\/SECUNDARIA.png\" alt=\"\" width=\"500\" height=\"500\" \/><\/p>\n<p><img decoding=\"async\" loading=\"lazy\" class=\"alignnone size-full wp-image-1174\" src=\"https:\/\/ismdebiasi-crr.infd.edu.ar\/sitio\/wp-content\/uploads\/2026\/02\/NIVEL-SUPERIOR.png\" alt=\"\" width=\"500\" height=\"500\" \/><\/p>\n<p>Acceder al formulario de inscripcion.<\/p>\n<p><a href=\"https:\/\/docs.google.com\/forms\/d\/12UTlJQin6UzNwgybXMYrVeb-x0PelTD_9pCwIXVvS4w\/preview\">https:\/\/docs.google.com\/forms\/d\/12UTlJQin6UzNwgybXMYrVeb-x0PelTD_9pCwIXVvS4w\/preview<\/a><\/p>\n<p>&nbsp;<\/p>\n<p><img decoding=\"async\" loading=\"lazy\" class=\"alignnone size-full wp-image-1173\" src=\"https:\/\/ismdebiasi-crr.infd.edu.ar\/sitio\/wp-content\/uploads\/2026\/02\/CAPACITACION-Y-PREGRADO.png\" alt=\"\" width=\"500\" height=\"500\" \/><\/p>\n<p>&nbsp;<\/p>\n<p>Cualquier inquietud dirigirse a Catamarca 853- momentaneamente estamos sin servicio telefonico, sepa disculpar.<\/p>\n<p>&nbsp;<\/p>\n<p>&nbsp;<\/p>\n<div style=\"text-align: right;\">\n<div><img decoding=\"async\" loading=\"lazy\" class=\"aligncenter\" src=\"https:\/\/ismdebiasi-crr.infd.edu.ar\/sitio\/wp-content\/uploads\/2018\/06\/carmelobiasi.jpg\" width=\"791\" height=\"593\" border=\"0\" \/><\/div>\n<p style=\"text-align: left;\">El Instituto Superior de M\u00fasica Prof. Carmelo H. De Biasi forma parte del sistema de educaci\u00f3n p\u00fablica de gesti\u00f3n estatal.<\/p>\n<p style=\"text-align: left;\">Junto con varios cientos de Institutos, integramos la<span style=\"color: #0000ff;\">\u00a0Red Virtual de Institutos Superiores de Formaci\u00f3n Docente<\/span>\u00a0coordinada por el\u00a0<strong>INFD<\/strong>(Instituto Nacional de Formaci\u00f3n Docente) dependiente del Ministerio de Educaci\u00f3n de la Naci\u00f3n Argentina.<\/p>\n<p style=\"text-align: left;\">A trav\u00e9s de este sitio en Internet, nuestro Instituto podr\u00e1 comunicar novedades, acercar informaci\u00f3n, compartir experiencias y brindar apoyo y asesoramiento a alumnos, docentes e interesados en formar parte de esta comunidad educativa.<\/p>\n<\/div>\n<p>&nbsp;<\/p>\n<p style=\"text-align: center;\"><strong>Este a\u00f1o se jubila nuestro querido Rector, Prof. Alejandro Bendersky. Felicitaciones !!<\/strong><\/p>\n<p>&nbsp;<\/p>\n<p><strong>Compartimos un escrito realizado por la Prof. Susana Pi\u00f1eiro, dedicada al Prof. Alejandro Bendersky.<\/strong><\/p>\n<p>&nbsp;<\/p>\n<p><img decoding=\"async\" loading=\"lazy\" class=\"wp-image-1179 alignleft\" src=\"https:\/\/ismdebiasi-crr.infd.edu.ar\/sitio\/wp-content\/uploads\/2026\/02\/WhatsApp-Image-2026-02-18-at-9.19.33-PM-697x1000.jpeg\" alt=\"\" width=\"437\" height=\"627\" srcset=\"https:\/\/ismdebiasi-crr.infd.edu.ar\/sitio\/wp-content\/uploads\/2026\/02\/WhatsApp-Image-2026-02-18-at-9.19.33-PM-697x1000.jpeg 697w, https:\/\/ismdebiasi-crr.infd.edu.ar\/sitio\/wp-content\/uploads\/2026\/02\/WhatsApp-Image-2026-02-18-at-9.19.33-PM.jpeg 720w\" sizes=\"(max-width: 437px) 100vw, 437px\" \/><\/p>\n<p style=\"text-align: center;\"><strong>Semblanza de un rector<\/strong><\/p>\n<p>&nbsp;<\/p>\n<p><em>Cuando se habla de una instituci\u00f3n tan compleja como el Instituto Superior de M\u00fasica \u201cProf. C. H. De Biasi\u201d, se llega a la conclusi\u00f3n de que todos los rectores que han pasado por ah\u00ed, desde su fundador, el querido Horlando De Biasi hasta el hoy recientemente jubilado Profesor Alejandro Bendersky, compartieron el mismo amor por el quehacer musical como eje de uni\u00f3n y gu\u00eda de la instituci\u00f3n.<\/em><\/p>\n<p><em>Y, cuando me refiero a la complejidad, no s\u00f3lo hablo de la dimensi\u00f3n educativa de dicho Instituto (que para aquel que nunca transit\u00f3 alguna de sus tantas carreras y particularidades de las mismas, podr\u00eda ser un verdadero \u201cquebradero de cabeza\u201d), sino tambi\u00e9n hablo de la dimensi\u00f3n emocional que all\u00ed se desenvuelve a diario, y que no es poca cosa.<\/em><\/p>\n<p><em>Recordemos que esta casa de estudios alberga (perm\u00edtanme el verbo \u201calbergar\u201d) a personas desde los diez a\u00f1os de edad (menores incluso, si tenemos en cuenta la orquesta de ni\u00f1os \u201cCarmelito\u201d) pasando por adolescentes del Bachillerato y un n\u00famero considerable de adultos de las diferentes carreras terciarias (profesorado de m\u00fasica, danza, tecnicaturas, y un largo etc\u00e9tera), adem\u00e1s de los organismos musicales que all\u00ed se desarrollan (orquestas, coros, ensambles\u2026) \u00a0Y vuelvo a resaltar el t\u00e9rmino \u201calberga\u201d ya que \u00e9ste hace alusi\u00f3n a algo que no todas las instituciones son capaces de realizar: alojar, contener y resguardar. Cada d\u00eda. Desde que abre sus puertas a las 7,30 a.m. hasta su cierre, 11 p.m., s\u00f3lo por dar un n\u00famero redondo (los que hemos estudiado y trabajado all\u00ed, sabemos de la flexibilidad horaria de la noche, muchas veces lindante con el momento en que Cenicienta pierde el zapatito).<\/em><\/p>\n<p><em>El punto es que tanta cantidad y calidad de personas transitando, estudiando, impartiendo clases, haciendo tiempo, practicando alg\u00fan instrumento en los pasillos, almorzando (la doble escolaridad no siempre permite a los chicos volver a sus hogares a almorzar), etc\u00e9tera, requiere de mucha templanza emocional por parte de las autoridades. Las problem\u00e1ticas que se desenvuelven d\u00eda a d\u00eda en cada una de sus tantas aristas son infinitas.<\/em><\/p>\n<p><em>Sin embargo, desde su creaci\u00f3n all\u00e1 por el a\u00f1o 1962, tan s\u00f3lo como una escuela de m\u00fasica de escasa matr\u00edcula, hasta la actualidad, el Instituto de M\u00fasica no ha cesado de cosechar frutos y de crecer en todos los sentidos, tanto en matr\u00edcula (actualmente con aproximadamente cuatro mil alumnos), como en creaci\u00f3n de Carreras y obviamente, en lo edilicio, aunque \u00e9ste \u00faltimo siempre le queda chico. \u00a0<\/em><\/p>\n<p><em>Como dije, sostener todo este andamiaje requiere de un determinado pulso emocional que ensamble a la perfecci\u00f3n con las cuestiones de pura administraci\u00f3n escolar.<\/em><\/p>\n<p><em>Quiz\u00e1 me haya explayado un poco en esto que deber\u00eda haber sido s\u00f3lo una introducci\u00f3n, pero considero v\u00e1lido para entender y dimensionar lo que significa estar al mando de semejante \u201cembarcaci\u00f3n\u201d.\u00a0 Las autoridades que han pasado por tan querida instituci\u00f3n, han podido estar a la altura de dichas circunstancias, posibilitando su supervivencia y asegurando su trascendencia.<\/em><\/p>\n<p><em>El profesor Alejandro Daniel Bendersky no ha sido la excepci\u00f3n. M\u00fasico talentoso y de una probada trayectoria musical, le toc\u00f3 el pase de \u201cposta\u201d all\u00e1 por el convulsionado a\u00f1o 1999, primero en calidad de vice- rector, para luego asumir la rector\u00eda en el a\u00f1o 2005, con algunas intermitencias hasta el 2011 en que se desenvuelve en el cargo hasta su retiro por jubilaci\u00f3n durante el corriente a\u00f1o 2026.<\/em><\/p>\n<p><em>Su recorrido docente, de una honestidad intelectual acorde con sus saberes musicales, pudo darle las herramientas adecuadas (a la manera de un trabajo de campo) para poder dirigir la instituci\u00f3n de modo coherente y con conocimiento de causa. Sus caminatas por los pasillos y las visitas casuales a los salones, eran moneda corriente. En lo personal, (perd\u00f3n por la auto referencialidad) estos eventos siempre fueron para m\u00ed motivo de alegr\u00eda. Es decir, el hecho que un superior se tomara el tiempo para compartir un momento de la clase (o la clase entera) con alumnos y docente, desde la escucha respetuosa y el buen humor (componentes clave en el quehacer docente), me supo dar tranquilidad y un sentimiento de valoraci\u00f3n ante la sagrada tarea de ense\u00f1ar.<\/em><\/p>\n<p><em>Al hacer un repaso de su trayectoria en la docencia, puedo advertir la coherencia en el camino trazado. Las materias desarrolladas a lo largo de su vida docente son todas afines a lo que sabemos fue su eje vertebrador (y por supuesto, su coraz\u00f3n): la actividad sinf\u00f3nico-coral. Asignaturas como \u201cArmon\u00eda y contrapunto\u201d, o \u201cArmon\u00eda y formas musicales\u201d, \u201cElementos del lenguaje musical integrados\u201d junto a las de \u201cDirecci\u00f3n de Coro\u201d (juvenil, de adultos, de profesores exclusivamente, etc.) se desgranan a lo largo de m\u00e1s de veinte a\u00f1os.<\/em><\/p>\n<p><em>Pero, \u00bfcu\u00e1l fue su manera de habitar esos a\u00f1os de tr\u00e1nsito por la instituci\u00f3n? Esta pregunta queda un momento flotando en el aire mientras recuerdo alguna risa c\u00f3mplice en una que otra reuni\u00f3n o concierto, o sus enojos con voz de bajo, que parecen doblemente enojos por ese mismo registro de bajo.<\/em><\/p>\n<p><em>Temperamental, s\u00ed. Humano, s\u00ed. Demasiado, al decir de Nietzsche.<\/em><\/p>\n<p><em>Y la respuesta a esa pregunta tambi\u00e9n viene flotando de otras voces. De las voces de sus ex alumnos y colegas. Voces que me hablan de c\u00f3mo un adolescente pudo revertir su visi\u00f3n de la m\u00fasica acad\u00e9mica a partir del an\u00e1lisis minucioso del Concierto N\u00b0 5 de Beethoven. \u201cFue la primera vez que vi una partitura orquestal\u2026 y para colmo, despu\u00e9s lo pude ver dirigiendo esa misma obra\u201d. Voces que vienen como ecos. \u201cLo seguimos en todos sus proyectos y propuestas musicales\u2026, hab\u00eda muchos que form\u00e1bamos parte del coro de ni\u00f1os, del coro de la UNNE (cuando lo dirig\u00eda) del Coro Juvenil, del Coro Polif\u00f3nico, del Coro de c\u00e1mara, del Grupo Vocal etc. Los estudiantes quer\u00edamos y busc\u00e1bamos formar parte de sus coros\u201d \u2026, \u201csu solidaridad con colegas y alumnos era una constante\u201d, \u2026 \u201cle compraba el almuerzo a alg\u00fan chico que no hab\u00eda llevado\u201d \u2026 \u201cha comprado zapatillas, libros para los chicos que no pod\u00edan pagar\u201d \u2026 \u201cmarc\u00f3 el camino de lo posible: de las grandes obras con orquesta, las \u00f3peras con los chicos de secundaria. \u00c9l siempre supo que pod\u00edamos hacerlo y lo demostr\u00f3\u201d \u2026 \u201cperdonaba faltas a \u2018profes\u2019 que estaban con alg\u00fan problema en sus casas\u201d \u2026 \u201cpoder experimentar el canto sinf\u00f3nico coral vi\u00e9ndolo dirigir y disfrutar de lo que hac\u00eda, sensaci\u00f3n que tambi\u00e9n nos transmiti\u00f3\u201d \u2026 \u201cEn una obra muy dif\u00edcil de Bach, uno de los instrumentistas se pierde, pero Alejandro le fue cantando hasta que el muchacho se logr\u00f3 \u2018acomodar\u2019, esto me hizo pensar en lo importante que es la figura del que lleva la batuta, esto de poder generar y transmitir esa calma para que los instrumentistas puedan resolver las partes donde hay dificultad\u201d \u2026 Ecos de voces actuales y de las que vienen de lejos. Muchas voces que se entrelazan con la nostalgia de haber podido transitar un camino com\u00fan. Muchas m\u00e1s de las que quedan plasmadas en esta suerte de semblanza un tanto informal.<\/em><\/p>\n<p><em>Y al lanzar esta palabra, \u201cinformal\u201d, tambi\u00e9n me llegan algunas r\u00e1fagas de su porte de rector \u201cinformal\u201d, no de una manera negativa, sino un poco al decir de Julio Cort\u00e1zar cuando se refer\u00eda a s\u00ed mismo: el almid\u00f3n y yo no hacemos buenas camisas. Es decir, la informalidad puesta al servicio de la humanidad (una vez m\u00e1s la palabra \u201chumano\u201d). La informalidad para salir al ruedo en alg\u00fan acto que necesite llenar la ausencia de alg\u00fan pianista acompa\u00f1ante. La informalidad ante un ensayo de coro que debe continuar a luz de las velas, en espacios imposibles para no posponerlo por un \u201csimple corte luz\u201d. La informalidad para improvisar alg\u00fan discurso o alguna soluci\u00f3n expeditiva (y sin tantas formalidades) a los constantes y diarios problemas de la vida institucional.<\/em><\/p>\n<p><em>Y de nuevo la pregunta \u00bfcu\u00e1l fue, entonces, su forma de habitar esos a\u00f1os de trabajo en la instituci\u00f3n? La respuesta viene m\u00e1s llana, pero a la vez compleja: la de ser humano, demasiado humano. O como dice el mismo Nietzsche en el aforismo 35 de esa obra: con \u201cuna disposici\u00f3n iluminada por el arte y el conocimiento\u201d.<\/em><\/p>\n<p>&nbsp;<\/p>\n<p style=\"text-align: right;\"><strong><em>Prof. Susana Pi\u00f1eiro<\/em><\/strong><\/p>\n<p>&nbsp;<\/p>\n<p>&nbsp;<\/p>\n<p>&nbsp;<\/p>\n<p>&nbsp;<\/p>\n","protected":false},"excerpt":{"rendered":"<p>NOVEDADES 2026 &nbsp; Acceder al formulario de inscripcion. https:\/\/docs.google.com\/forms\/d\/12UTlJQin6UzNwgybXMYrVeb-x0PelTD_9pCwIXVvS4w\/preview &nbsp; &nbsp; Cualquier inquietud dirigirse a Catamarca 853- momentaneamente estamos sin servicio telefonico, sepa disculpar. &nbsp; &nbsp; El Instituto Superior de M\u00fasica Prof. Carmelo H. De Biasi forma parte del sistema de educaci\u00f3n p\u00fablica de gesti\u00f3n estatal. Junto con varios cientos de Institutos, integramos la\u00a0Red Virtual &#8230; <a title=\"Inicio\" class=\"read-more\" href=\"https:\/\/ismdebiasi-crr.infd.edu.ar\/sitio\/\" aria-label=\"More on Inicio\">[+]<\/a><\/p>\n","protected":false},"author":1,"featured_media":0,"parent":0,"menu_order":0,"comment_status":"closed","ping_status":"closed","template":"","meta":[],"acf":[],"_links":{"self":[{"href":"https:\/\/ismdebiasi-crr.infd.edu.ar\/sitio\/wp-json\/wp\/v2\/pages\/286"}],"collection":[{"href":"https:\/\/ismdebiasi-crr.infd.edu.ar\/sitio\/wp-json\/wp\/v2\/pages"}],"about":[{"href":"https:\/\/ismdebiasi-crr.infd.edu.ar\/sitio\/wp-json\/wp\/v2\/types\/page"}],"author":[{"embeddable":true,"href":"https:\/\/ismdebiasi-crr.infd.edu.ar\/sitio\/wp-json\/wp\/v2\/users\/1"}],"replies":[{"embeddable":true,"href":"https:\/\/ismdebiasi-crr.infd.edu.ar\/sitio\/wp-json\/wp\/v2\/comments?post=286"}],"version-history":[{"count":127,"href":"https:\/\/ismdebiasi-crr.infd.edu.ar\/sitio\/wp-json\/wp\/v2\/pages\/286\/revisions"}],"predecessor-version":[{"id":1217,"href":"https:\/\/ismdebiasi-crr.infd.edu.ar\/sitio\/wp-json\/wp\/v2\/pages\/286\/revisions\/1217"}],"wp:attachment":[{"href":"https:\/\/ismdebiasi-crr.infd.edu.ar\/sitio\/wp-json\/wp\/v2\/media?parent=286"}],"curies":[{"name":"wp","href":"https:\/\/api.w.org\/{rel}","templated":true}]}}